{"id":3954,"date":"2024-11-06T17:02:27","date_gmt":"2024-11-06T17:02:27","guid":{"rendered":"https:\/\/asociatia-macedonenilor.ro\/?page_id=3954"},"modified":"2025-01-20T14:36:08","modified_gmt":"2025-01-20T12:36:08","slug":"sustine-amr","status":"publish","type":"page","link":"https:\/\/asociatia-macedonenilor.ro\/index.php\/sustine-amr\/","title":{"rendered":"SUS\u021aINE AMR"},"content":{"rendered":"\n<h2 class=\"wp-block-heading\">Redirec\u021bioneaz\u0103 impozitul anual datorat c\u0103tre Asocia\u021bia Macedonenilor din Rom\u00e2nia. Click pe butonul de mai jos pentru a completa formularul 230<\/h2>\n\n\n\n<style>\n    .f230ro-lansare.f230ro-buton.orange {\n        display: inline-block;\n        padding: 10px 20px;\n        background-color: orange;\n        color: white;\n        text-align: center;\n        border-radius: 5px;\n        font-weight: bold;\n        cursor: pointer;\n        text-decoration: none;\n    }\n<\/style>\n\n<div class=\"f230ro-lansare f230ro-buton orange\" id=\"redirectButton\">Redirec\u021bioneaz\u0103<\/div>\n\n<script>\n    document.addEventListener(\"DOMContentLoaded\", function() {\n        \/\/ Preload the script on page load\n        const script = document.createElement(\"script\");\n        script.src = \"https:\/\/formular230.ro\/share\/5bb31a11fa4\";\n        script.id = \"f230ro-script\";\n        \n        \/\/ Attach the click event only once the script has fully loaded\n        script.onload = function() {\n            const button = document.getElementById(\"redirectButton\");\n\n            if (button) {\n                button.addEventListener(\"click\", function() {\n                    \/\/ Call the function from the loaded script\n                    if (typeof f230roLaunch === \"function\") {\n                        f230roLaunch();\n                    }\n                });\n            }\n        };\n\n        \/\/ Append the script to the body to start loading it\n        document.body.appendChild(script);\n    });\n<\/script>\n","protected":false},"excerpt":{"rendered":"<p>Redirec\u021bioneaz\u0103 impozitul anual datorat c\u0103tre Asocia\u021bia Macedonenilor din Rom\u00e2nia. Click pe butonul de mai jos pentru a completa formularul 230 Redirec\u021bioneaz\u0103<\/p>\n","protected":false},"author":1,"featured_media":0,"parent":0,"menu_order":0,"comment_status":"closed","ping_status":"closed","template":"","meta":{"_et_pb_use_builder":"off","_et_pb_old_content":"<!-- wp:heading {\"textAlign\":\"center\"} -->\n<h2 class=\"wp-block-heading has-text-align-center\"><strong>VOTEAZ\u0102 IONEL STANCU \u00een PARLAMENTUL ROM\u00c2NIEI<\/strong><\/h2>\n<!-- \/wp:heading -->\n\n<!-- wp:media-text {\"align\":\"left\",\"mediaId\":3955,\"mediaType\":\"image\",\"verticalAlignment\":\"center\"} -->\n<div class=\"wp-block-media-text is-stacked-on-mobile is-vertically-aligned-center\"><figure class=\"wp-block-media-text__media\"><img src=\"https:\/\/asociatia-macedonenilor.ro\/wp-content\/uploads\/2024\/11\/ionut-stancu-promo.jpg\" alt=\"\" class=\"wp-image-3955 size-full\"\/><\/figure><div class=\"wp-block-media-text__content\"><!-- wp:paragraph {\"align\":\"center\",\"fontSize\":\"large\"} -->\n<p class=\"has-text-align-center has-large-font-size\"><\/p>\n<!-- \/wp:paragraph -->\n\n<!-- wp:paragraph -->\n<p>Cu o experien\u021b\u0103 de 18 ani al\u0103turi de Asocia\u021bia Macedonenilor din Rom\u00e2nia (AMR), am avut privilegiul de a reprezenta interesele comunit\u0103\u021bii noastre \u00een Parlamentul Rom\u00e2niei timp de dou\u0103 mandate. Am lucrat cu pasiune \u0219i angajament pentru a realiza schimb\u0103ri prin ini\u021biative legislative clare \u0219i concrete.<\/p>\n<!-- \/wp:paragraph -->\n\n<!-- wp:paragraph -->\n<p><img height=\"16\" width=\"16\" alt=\"\ud83d\udd39\" src=\"https:\/\/static.xx.fbcdn.net\/images\/emoji.php\/v9\/tf3\/1\/16\/1f539.png\"> Mandatul 2012 - 2016<\/p>\n<!-- \/wp:paragraph -->\n\n<!-- wp:paragraph -->\n<p>Am ini\u021biat 14 propuneri legislative, dintre care o parte au fost adoptate ca legi, contribuind la o legisla\u021bie na\u021bional\u0103 mai echitabil\u0103 \u0219i incluziv\u0103.<\/p>\n<!-- \/wp:paragraph -->\n\n<!-- wp:paragraph -->\n<p><img height=\"16\" width=\"16\" alt=\"\ud83d\udd39\" src=\"https:\/\/static.xx.fbcdn.net\/images\/emoji.php\/v9\/tf3\/1\/16\/1f539.png\"><a><\/a>Mandatul 2020 - 2024<\/p>\n<!-- \/wp:paragraph -->\n\n<!-- wp:paragraph -->\n<p>65 de propuneri legislative, dintre care 28 au devenit legi. Fiecare ini\u021biativ\u0103 reflect\u0103 angajamentul meu pentru progres, stabilitate \u0219i reform\u0103 \u00een favoarea comunit\u0103\u021bii.<\/p>\n<!-- \/wp:paragraph -->\n\n<!-- wp:paragraph -->\n<p>Consider c\u0103 educa\u021bia, pensiile \u0219i asigur\u0103rile sociale sunt pilonii unei societ\u0103\u021bi s\u0103n\u0103toase, iar angajamentul meu fa\u021b\u0103 de aceste domenii este ferm. \u00cempreun\u0103, avem obliga\u021bia s\u0103 construim o Rom\u00e2nie \u00een care fiecare cet\u0103\u021bean s\u0103 aib\u0103 \u0219ansa la o via\u021b\u0103 demn\u0103 \u0219i prosper\u0103.<\/p>\n<!-- \/wp:paragraph -->\n\n<!-- wp:paragraph -->\n<p>CMF: 13240013<\/p>\n<!-- \/wp:paragraph --><\/div><\/div>\n<!-- \/wp:media-text -->\n\n<!-- wp:heading -->\n<h2 class=\"wp-block-heading\">Redirec\u021bioneaz\u0103 impozitul anual datorat c\u0103tre Asocia\u021bia Macedonenilor din Rom\u00e2nia. Click pe butonul de mai jos pentru a completa formularul 230<\/h2>\n<!-- \/wp:heading -->\n\n<!-- wp:html -->\n<style>\n    .f230ro-lansare.f230ro-buton.orange {\n        display: inline-block;\n        padding: 10px 20px;\n        background-color: orange;\n        color: white;\n        text-align: center;\n        border-radius: 5px;\n        font-weight: bold;\n        cursor: pointer;\n        text-decoration: none;\n    }\n<\/style>\n\n<div class=\"f230ro-lansare f230ro-buton orange\" id=\"redirectButton\">Redirec\u021bioneaz\u0103<\/div>\n\n<script>\n    document.addEventListener(\"DOMContentLoaded\", function() {\n        \/\/ Preload the script on page load\n        const script = document.createElement(\"script\");\n        script.src = \"https:\/\/formular230.ro\/share\/5bb31a11fa4\";\n        script.id = \"f230ro-script\";\n        \n        \/\/ Attach the click event only once the script has fully loaded\n        script.onload = function() {\n            const button = document.getElementById(\"redirectButton\");\n\n            if (button) {\n                button.addEventListener(\"click\", function() {\n                    \/\/ Call the function from the loaded script\n                    if (typeof f230roLaunch === \"function\") {\n                        f230roLaunch();\n                    }\n                });\n            }\n        };\n\n        \/\/ Append the script to the body to start loading it\n        document.body.appendChild(script);\n    });\n<\/script>\n\n<!-- \/wp:html -->","_et_gb_content_width":"","footnotes":""},"class_list":["post-3954","page","type-page","status-publish","hentry"],"_links":{"self":[{"href":"https:\/\/asociatia-macedonenilor.ro\/index.php\/wp-json\/wp\/v2\/pages\/3954","targetHints":{"allow":["GET"]}}],"collection":[{"href":"https:\/\/asociatia-macedonenilor.ro\/index.php\/wp-json\/wp\/v2\/pages"}],"about":[{"href":"https:\/\/asociatia-macedonenilor.ro\/index.php\/wp-json\/wp\/v2\/types\/page"}],"author":[{"embeddable":true,"href":"https:\/\/asociatia-macedonenilor.ro\/index.php\/wp-json\/wp\/v2\/users\/1"}],"replies":[{"embeddable":true,"href":"https:\/\/asociatia-macedonenilor.ro\/index.php\/wp-json\/wp\/v2\/comments?post=3954"}],"version-history":[{"count":17,"href":"https:\/\/asociatia-macedonenilor.ro\/index.php\/wp-json\/wp\/v2\/pages\/3954\/revisions"}],"predecessor-version":[{"id":4064,"href":"https:\/\/asociatia-macedonenilor.ro\/index.php\/wp-json\/wp\/v2\/pages\/3954\/revisions\/4064"}],"wp:attachment":[{"href":"https:\/\/asociatia-macedonenilor.ro\/index.php\/wp-json\/wp\/v2\/media?parent=3954"}],"curies":[{"name":"wp","href":"https:\/\/api.w.org\/{rel}","templated":true}]}}