{"id":2486,"date":"2020-11-11T10:28:06","date_gmt":"2020-11-11T10:28:06","guid":{"rendered":"http:\/\/asociatia-macedonenilor.ro\/?page_id=2486"},"modified":"2021-01-29T15:40:33","modified_gmt":"2021-01-29T15:40:33","slug":"deputat-ionel-stancu","status":"publish","type":"page","link":"https:\/\/asociatia-macedonenilor.ro\/index.php\/reprezentare-parlamentara\/deputat-ionel-stancu\/","title":{"rendered":"Deputat Ionel Stancu"},"content":{"rendered":"<p>[et_pb_section fb_built=&#8221;1&#8243; admin_label=&#8221;section&#8221; _builder_version=&#8221;3.22&#8243;][et_pb_row _builder_version=&#8221;3.25&#8243; hover_enabled=&#8221;0&#8243; sticky_enabled=&#8221;0&#8243;][et_pb_column type=&#8221;4_4&#8243; _builder_version=&#8221;3.25&#8243; custom_padding=&#8221;|||&#8221; custom_padding__hover=&#8221;|||&#8221;][et_pb_team_member name=&#8221;Ionel Stancu&#8221; position=&#8221;Deputat ales la nivel na\u021bional&#8221; image_url=&#8221;https:\/\/asociatia-macedonenilor.ro\/wp-content\/uploads\/2020\/11\/Ionel-Stancu.jpg&#8221; facebook_url=&#8221;https:\/\/www.facebook.com\/Ionel-Stancu-114697377104880\/&#8221; _builder_version=&#8221;4.8.2&#8243; link_option_url=&#8221;https:\/\/asociatia-macedonenilor.ro\/index.php\/reprezentare-parlamentara\/deputat-mariana-venera-popescu\/&#8221; hover_enabled=&#8221;0&#8243; border_width_all_image=&#8221;4px&#8221; border_color_all_image=&#8221;#ffffff&#8221; box_shadow_style_image=&#8221;preset2&#8243; title_text=&#8221;Ionel Stancu&#8221; sticky_enabled=&#8221;0&#8243;]<\/p>\n<p>data valid\u0103rii: 21 decembrie 2020<\/p>\n<p>Organiza\u0163ia minorit\u0103\u0163ilor na\u0163ionale:<\/p>\n<table>\n<tbody>\n<tr>\n<td><img decoding=\"async\" src=\"https:\/\/asociatia-macedonenilor.ro\/wp-content\/uploads\/2018\/08\/logoamrbun.jpg\" width=\"50\" alt=\"\" class=\"wp-image-63 alignnone size-full\" srcset=\"https:\/\/asociatia-macedonenilor.ro\/wp-content\/uploads\/2018\/08\/logoamrbun.jpg 960w, https:\/\/asociatia-macedonenilor.ro\/wp-content\/uploads\/2018\/08\/logoamrbun-300x290.jpg 300w, https:\/\/asociatia-macedonenilor.ro\/wp-content\/uploads\/2018\/08\/logoamrbun-768x743.jpg 768w\" sizes=\"(max-width: 960px) 100vw, 960px\" \/><\/td>\n<td><a href=\"https:\/\/asociatia-macedonenilor.ro\" target=\"_blank\" rel=\"noopener noreferrer\">Asocia\u021bia Macedonenilor din Rom\u00e2nia<\/a><\/td>\n<\/tr>\n<\/tbody>\n<\/table>\n<p>Grupul parlamentar:\u00a0<span><a href=\"http:\/\/www.cdep.ro\/pls\/parlam\/structura2015.gp?idg=6&amp;leg=2020\">Grupul parlamentar al minorit\u0103\u0163ilor na\u0163ionale<\/a><\/span><\/p>\n<p>Comisii permanente:\u00a0<span><a href=\"http:\/\/www.cdep.ro\/pls\/parlam\/structura2015.co?idc=11&amp;cam=2&amp;leg=2020&amp;idl=1\">Comisia juridic\u0103, de disciplin\u0103 \u015fi imunit\u0103\u0163i<\/a><\/span><\/p>\n<p>[\/et_pb_team_member][\/et_pb_column][\/et_pb_row][et_pb_row _builder_version=&#8221;4.0.7&#8243;][et_pb_column type=&#8221;4_4&#8243; _builder_version=&#8221;4.0.7&#8243;][et_pb_post_slider _builder_version=&#8221;4.8.2&#8243; _module_preset=&#8221;default&#8221; include_categories=&#8221;40&#8243; image_placement=&#8221;left&#8221; show_meta=&#8221;off&#8221; hover_enabled=&#8221;0&#8243; sticky_enabled=&#8221;0&#8243;][\/et_pb_post_slider][\/et_pb_column][\/et_pb_row][\/et_pb_section]<\/p>\n","protected":false},"excerpt":{"rendered":"<p>data valid\u0103rii: 21 decembrie 2020 Organiza\u0163ia minorit\u0103\u0163ilor na\u0163ionale: Asocia\u021bia Macedonenilor din Rom\u00e2nia Grupul parlamentar:\u00a0Grupul parlamentar al minorit\u0103\u0163ilor na\u0163ionale Comisii permanente:\u00a0Comisia juridic\u0103, de disciplin\u0103 \u015fi imunit\u0103\u0163i<\/p>\n","protected":false},"author":1,"featured_media":0,"parent":248,"menu_order":0,"comment_status":"closed","ping_status":"closed","template":"","meta":{"_et_pb_use_builder":"on","_et_pb_old_content":"","_et_gb_content_width":"","footnotes":""},"class_list":["post-2486","page","type-page","status-publish","hentry"],"_links":{"self":[{"href":"https:\/\/asociatia-macedonenilor.ro\/index.php\/wp-json\/wp\/v2\/pages\/2486","targetHints":{"allow":["GET"]}}],"collection":[{"href":"https:\/\/asociatia-macedonenilor.ro\/index.php\/wp-json\/wp\/v2\/pages"}],"about":[{"href":"https:\/\/asociatia-macedonenilor.ro\/index.php\/wp-json\/wp\/v2\/types\/page"}],"author":[{"embeddable":true,"href":"https:\/\/asociatia-macedonenilor.ro\/index.php\/wp-json\/wp\/v2\/users\/1"}],"replies":[{"embeddable":true,"href":"https:\/\/asociatia-macedonenilor.ro\/index.php\/wp-json\/wp\/v2\/comments?post=2486"}],"version-history":[{"count":5,"href":"https:\/\/asociatia-macedonenilor.ro\/index.php\/wp-json\/wp\/v2\/pages\/2486\/revisions"}],"predecessor-version":[{"id":2583,"href":"https:\/\/asociatia-macedonenilor.ro\/index.php\/wp-json\/wp\/v2\/pages\/2486\/revisions\/2583"}],"up":[{"embeddable":true,"href":"https:\/\/asociatia-macedonenilor.ro\/index.php\/wp-json\/wp\/v2\/pages\/248"}],"wp:attachment":[{"href":"https:\/\/asociatia-macedonenilor.ro\/index.php\/wp-json\/wp\/v2\/media?parent=2486"}],"curies":[{"name":"wp","href":"https:\/\/api.w.org\/{rel}","templated":true}]}}