{"id":21,"date":"2018-08-11T22:35:05","date_gmt":"2018-08-11T22:35:05","guid":{"rendered":"http:\/\/asociatia-macedonenilor.ro\/?page_id=21"},"modified":"2019-06-28T08:29:20","modified_gmt":"2019-06-28T08:29:20","slug":"desprenoi","status":"publish","type":"page","link":"https:\/\/asociatia-macedonenilor.ro\/index.php\/desprenoi\/","title":{"rendered":"Despre noi\/\u0417\u0430 \u043d\u0430\u0441"},"content":{"rendered":"<p>[et_pb_section fb_built=&#8221;1&#8243; admin_label=&#8221;Hero&#8221; _builder_version=&#8221;3.17.6&#8243; use_background_color_gradient=&#8221;on&#8221; background_color_gradient_start=&#8221;#ffffff&#8221; background_color_gradient_end=&#8221;#660000&#8243; background_image=&#8221;https:\/\/asociatia-macedonenilor.ro\/wp-content\/uploads\/2018\/08\/geometric-bg-overlay-01.jpg&#8221; background_blend=&#8221;overlay&#8221; box_shadow_style=&#8221;preset3&#8243; box_shadow_vertical=&#8221;-200px&#8221; box_shadow_blur=&#8221;0px&#8221; box_shadow_color=&#8221;#F8FBFE&#8221; box_shadow_position=&#8221;inner&#8221; custom_padding=&#8221;10%|||&#8221; animation_direction=&#8221;bottom&#8221; background_color_gradient_end_position=&#8221;68%&#8221;][et_pb_row _builder_version=&#8221;3.13.1&#8243;][et_pb_column type=&#8221;4_4&#8243; _builder_version=&#8221;3.0.47&#8243; parallax=&#8221;off&#8221; parallax_method=&#8221;on&#8221;][et_pb_text _builder_version=&#8221;3.0.92&#8243; text_font=&#8221;Nunito Sans||||||||&#8221; text_text_color=&#8221;#ffffff&#8221; text_font_size=&#8221;18px&#8221; text_line_height=&#8221;1.8em&#8221; header_font=&#8221;Nunito Sans|700|||||||&#8221; header_text_align=&#8221;center&#8221; header_text_color=&#8221;#ffffff&#8221; header_font_size=&#8221;45px&#8221; header_line_height=&#8221;1.3em&#8221; header_2_font=&#8221;||||||||&#8221; text_orientation=&#8221;center&#8221; max_width=&#8221;700px&#8221; module_alignment=&#8221;center&#8221;]<\/p>\n<h1>Despre noi<\/h1>\n<p style=\"text-align: center;\"><strong><span style=\"color: #660000;\">MACEDONENII DIN ROM\u00c2NIA &#8211; Popula\u0163ie vorbitoare de limb\u0103 slav\u0103, de religie ortodox\u0103, venit\u0103 de pe teritoriul Macedoniei, pe teritoriul Rom\u00e2niei \u00een valuri succesive de migra\u0163ie, \u00eencep\u00e2nd cu secolul XI.<\/span><\/strong><\/p>\n<p>[\/et_pb_text][\/et_pb_column][\/et_pb_row][\/et_pb_section][et_pb_section fb_built=&#8221;1&#8243; _builder_version=&#8221;3.17.6&#8243; custom_padding=&#8221;||100px|&#8221;][et_pb_row custom_padding=&#8221;60px|0px|60px|0px&#8221; admin_label=&#8221;Right Sided Image&#8221; _builder_version=&#8221;3.17.6&#8243;][et_pb_column type=&#8221;1_2&#8243; _builder_version=&#8221;3.0.47&#8243; parallax=&#8221;off&#8221; parallax_method=&#8221;on&#8221;][et_pb_text _builder_version=&#8221;3.0.92&#8243; text_font=&#8221;Nunito Sans||||||||&#8221; text_text_color=&#8221;#959baf&#8221; text_font_size=&#8221;18px&#8221; text_line_height=&#8221;1.8em&#8221; header_font=&#8221;||||||||&#8221; header_text_align=&#8221;left&#8221; header_text_color=&#8221;#535b7c&#8221; header_font_size=&#8221;32px&#8221; header_line_height=&#8221;1.4em&#8221; header_2_font=&#8221;Nunito Sans|700|||||||&#8221; header_2_text_color=&#8221;#535b7c&#8221; header_2_font_size=&#8221;35px&#8221; header_2_line_height=&#8221;1.3em&#8221; max_width=&#8221;700px&#8221; module_alignment=&#8221;center&#8221;]<\/p>\n<h4><strong>INFORMA\u0162II GENERALE REFERITOARE LA ASOCIA\u0162IA MACEDONENILOR DIN ROM\u00c2NIA<\/strong><\/h4>\n<p><span style=\"color: #660000;\">MACEDONEAN &#8211; 1. Popor din ramura slavilor de sud, care locuie\u015fte \u00een \u0163\u0103rile din Peninsula Balcanic\u0103 de religie, in majoritate, cre\u015ftin &#8211; ortodox\u0103.<\/span><br \/><span style=\"color: #660000;\"> 2. Care apar\u0163ine Macedoniei sau macedonenilor, referitor la Macedonia sau macedoneni (Dic\u0163ionarul Enciclopedic &#8211; Editura Enciclopedic\u0103 &#8211; 2001 &#8211; Bucure\u015fti, Volumul IV &#8211; p. 193).<\/span><br \/><span style=\"color: #660000;\"> 3. Persoan\u0103 care face parte din popula\u0163ia de baz\u0103 a Macedoniei sau este originar\u0103 de acolo (Dictionarul Explicativ al Limbii Rom\u00e2ne &#8211; Academia Romana, Institutul de Lingvistica &#8222;Iorgu Iordan&#8221; &#8211; 1998 &#8211; Bucure\u015fti &#8211; p. 589).<\/span><\/p>\n<p>[\/et_pb_text][\/et_pb_column][et_pb_column type=&#8221;1_2&#8243; _builder_version=&#8221;3.0.47&#8243; parallax=&#8221;off&#8221; parallax_method=&#8221;on&#8221;][et_pb_image src=&#8221;https:\/\/asociatia-macedonenilor.ro\/wp-content\/uploads\/2018\/08\/5.jpg&#8221; _builder_version=&#8221;3.17.6&#8243; border_radii=&#8221;on|10px|10px|10px|10px&#8221; border_width_all=&#8221;4px&#8221; border_color_all=&#8221;#ffffff&#8221; box_shadow_style=&#8221;preset2&#8243; box_shadow_color=&#8221;#939393&#8243; animation_direction=&#8221;left&#8221;][\/et_pb_image][\/et_pb_column][\/et_pb_row][et_pb_row custom_padding=&#8221;60px|0px|60px|0px&#8221; admin_label=&#8221;Left Sided Image&#8221; _builder_version=&#8221;3.0.83&#8243;][et_pb_column type=&#8221;1_2&#8243; _builder_version=&#8221;3.0.47&#8243; parallax=&#8221;off&#8221; parallax_method=&#8221;on&#8221;][et_pb_image src=&#8221;https:\/\/asociatia-macedonenilor.ro\/wp-content\/uploads\/2018\/08\/20.jpg&#8221; _builder_version=&#8221;3.17.6&#8243; border_radii=&#8221;on|10px|10px|10px|10px&#8221; border_width_all=&#8221;4px&#8221; border_color_all=&#8221;#ffffff&#8221; box_shadow_style=&#8221;preset2&#8243; box_shadow_color=&#8221;#939393&#8243; animation_direction=&#8221;right&#8221;][\/et_pb_image][et_pb_image src=&#8221;https:\/\/asociatia-macedonenilor.ro\/wp-content\/uploads\/2018\/08\/16.jpg&#8221; _builder_version=&#8221;3.17.6&#8243; border_radii=&#8221;on|10px|10px|10px|10px&#8221; border_width_all=&#8221;4px&#8221; border_color_all=&#8221;#ffffff&#8221; box_shadow_style=&#8221;preset2&#8243; box_shadow_color=&#8221;#939393&#8243; animation_direction=&#8221;right&#8221;][\/et_pb_image][\/et_pb_column][et_pb_column type=&#8221;1_2&#8243; _builder_version=&#8221;3.0.47&#8243; parallax=&#8221;off&#8221; parallax_method=&#8221;on&#8221;][et_pb_text _builder_version=&#8221;3.0.92&#8243; text_font=&#8221;Nunito Sans||||||||&#8221; text_text_color=&#8221;#959baf&#8221; text_font_size=&#8221;18px&#8221; text_line_height=&#8221;1.8em&#8221; header_font=&#8221;||||||||&#8221; header_text_align=&#8221;left&#8221; header_text_color=&#8221;#535b7c&#8221; header_font_size=&#8221;45px&#8221; header_line_height=&#8221;1.4em&#8221; header_2_font=&#8221;Nunito Sans|700|||||||&#8221; header_2_text_color=&#8221;#535b7c&#8221; header_2_font_size=&#8221;35px&#8221; header_2_line_height=&#8221;1.3em&#8221; max_width=&#8221;700px&#8221; module_alignment=&#8221;center&#8221;]<\/p>\n<h4><strong> CINE SUNTEM NOI?<\/strong><\/h4>\n<p><span style=\"color: #660000;\">Asocia\u0163ia Macedonenilor din Rom\u00e2nia &#8211; A.M.R., a fost \u00eenfiin\u0163at\u0103 \u00een anul 2000 ca urmare a ini\u0163iativei unui grup de macedoneni inimo\u015fi.<\/span><br \/><span style=\"color: #660000;\"> Macedonenii sunt recunoscu\u0163i ca minoritate na\u0163ional\u0103 \u00een Rom\u00e2nia din anul 2000, al\u0103turi de alte 19 etnii (armeana, albaneza, bulgara, ceha, croata, evreiasca, elena, germana, italiana, maghiara, poloneza, rusa lipovean\u0103, rroma, ruteana, slovaca, sarba, t\u0103tara, turca \u015fi ucraineana).<\/span><br \/><span style=\"color: #660000;\"> Din anul 2001 asocia\u0163ia noastr\u0103 este membr\u0103, al\u0103turi de organiza\u0163iile tuturor celorlalte etnii din Rom\u00e2nia, \u00een Consiliul Minorit\u0103\u0163ilor Na\u0163ionale, organ consultativ de specialitate al Guvernului Rom\u00e2niei.<\/span><br \/><span style=\"color: #660000;\"> \u00cenc\u0103 din anul \u00eenfint\u0103rii sale A.M.R. a reu\u015fit sa obtin\u0103 sprijinul etniei macedonene \u015fi implicit voturile necesare pentru a avea reprezentare parlamentar\u0103.<\/span><br \/><span style=\"color: #660000;\"> La alegerile din anul 2004 sus\u0163inerea primit\u0103 de c\u0103tre AMR din partea macedonenilor a fost \u015fi mai mare, etnia macedonean\u0103 fiind reprezentat\u0103 acum \u00een Parlamentul Rom\u00e2niei,Camera Deputa\u0163ilor.<\/span><br \/><span style=\"color: #660000;\"> V\u0103 pute\u0163i adresa deputatului etniei at\u00e2t prin intermediul conducerii filialelor AMR, cat \u015fi la biroul parlamentar din Bucure\u015fti str. Thomas Masaryk nr. 29 sector 2, telefon 021 &#8211; 212. 09. 22, fax. 021 &#8211; 212. 09. 23, de luni p\u00e2n\u0103 s\u00e2mb\u0103t\u0103, \u00eentre orele 10 &#8211; 19 sau la e-mailul: contact@asociatia-macedonenilor.ro<\/span><\/p>\n<p>.<\/p>\n<p>[\/et_pb_text][\/et_pb_column][\/et_pb_row][et_pb_row custom_padding=&#8221;60px|0px|60px|0px&#8221; admin_label=&#8221;Right Sided Image&#8221; _builder_version=&#8221;3.0.83&#8243;][et_pb_column type=&#8221;1_2&#8243; _builder_version=&#8221;3.0.47&#8243; parallax=&#8221;off&#8221; parallax_method=&#8221;on&#8221;][et_pb_text _builder_version=&#8221;3.0.92&#8243; text_font=&#8221;Nunito Sans||||||||&#8221; text_text_color=&#8221;#959baf&#8221; text_font_size=&#8221;18px&#8221; text_line_height=&#8221;1.8em&#8221; header_font=&#8221;||||||||&#8221; header_text_align=&#8221;left&#8221; header_text_color=&#8221;#535b7c&#8221; header_font_size=&#8221;45px&#8221; header_line_height=&#8221;1.4em&#8221; header_2_font=&#8221;Nunito Sans|700|||||||&#8221; header_2_text_color=&#8221;#535b7c&#8221; header_2_font_size=&#8221;35px&#8221; header_2_line_height=&#8221;1.3em&#8221; max_width=&#8221;700px&#8221; module_alignment=&#8221;center&#8221;]<\/p>\n<h2><span style=\"color: #660000;\"><strong>CARE ESTE SCOPUL NOSTRU?<\/strong><\/span><\/h2>\n<p><span style=\"color: #660000;\">Scopul Asocia\u0163iei Macedonenilor din Rom\u00e2nia &#8211; A.M.R. este acela de a:<\/span><\/p>\n<ul>\n<li><span style=\"color: #660000;\">Reprezenta public, promova \u015fi ocroti interesele etniei macedonene din Rom\u00e2nia;<\/span><\/li>\n<li><span style=\"color: #660000;\">Aprofunda cunoa\u015fterea culturii, limbii \u015fi istoriei macedonenilor;<\/span><\/li>\n<li><span style=\"color: #660000;\">Ap\u0103ra \u015fi l\u0103rgi drepturile individuale ale membrilor minorit\u0103\u0163ii macedonene din Rom\u00e2nia;<\/span><\/li>\n<li><span style=\"color: #660000;\">\u00cent\u0103ri raporturile de colaborare rom\u00e2no-macedonene.<\/span><\/li>\n<\/ul>\n<p>[\/et_pb_text][\/et_pb_column][et_pb_column type=&#8221;1_2&#8243; _builder_version=&#8221;3.0.47&#8243; parallax=&#8221;off&#8221; parallax_method=&#8221;on&#8221;][et_pb_image src=&#8221;https:\/\/asociatia-macedonenilor.ro\/wp-content\/uploads\/2018\/08\/19.jpg&#8221; _builder_version=&#8221;3.17.6&#8243; border_radii=&#8221;on|10px|10px|10px|10px&#8221; border_width_all=&#8221;4px&#8221; border_color_all=&#8221;#ffffff&#8221; box_shadow_style=&#8221;preset2&#8243; box_shadow_color=&#8221;#939393&#8243; animation_direction=&#8221;left&#8221;][\/et_pb_image][\/et_pb_column][\/et_pb_row][\/et_pb_section][et_pb_section fb_built=&#8221;1&#8243; admin_label=&#8221;Clients Logos&#8221; _builder_version=&#8221;3.0.83&#8243; background_color=&#8221;#f8fbfe&#8221;][et_pb_row admin_label=&#8221;Images Row&#8221; _builder_version=&#8221;3.0.83&#8243;][et_pb_column type=&#8221;4_4&#8243; _builder_version=&#8221;3.0.47&#8243; parallax=&#8221;off&#8221; parallax_method=&#8221;on&#8221;][et_pb_text _builder_version=&#8221;3.12&#8243;]<strong>PLANURI DE VIITOR<\/strong><\/p>\n<ul>\n<li>Continuarea programului de promovare \u015fi sprijinire a arti\u015ftilor din diverse domenii \u015fi \u00een special a copiilor \u015fi a tinerilor talenta\u0163i,<\/li>\n<li>\u00cenfiin\u0163area unui muzeu etnografic macedonean,<\/li>\n<li>Organizarea propriului festival folcloric,<\/li>\n<li>Acordarea de burse na\u0163ionale \u015fi interna\u0163ionale pentru cei mai merituosi copii \u015fi tineri,<\/li>\n<li>Derularea de programe tradi\u0163ionale pentru v\u00e2rstinici,<\/li>\n<li>Implicarea tinerilor \u00een p\u0103strarea \u015fi dezvoltarea mo\u015ftenirii culturale tradi\u0163ionale,<\/li>\n<li>Implicarea dumneavoastr\u0103 \u00een programele \u015fi proiectele noastre aflate \u00een derulare,<\/li>\n<\/ul>\n<p>&nbsp;<\/p>\n<p>&nbsp;<br \/>\n[\/et_pb_text][\/et_pb_column][\/et_pb_row][\/et_pb_section][et_pb_section fb_built=&#8221;1&#8243; admin_label=&#8221;Testimonial&#8221; _builder_version=&#8221;3.17.6&#8243; custom_padding=&#8221;100px|0px|100px|0px&#8221;][et_pb_row admin_label=&#8221;Testimonial Row&#8221; _builder_version=&#8221;3.0.83&#8243;][et_pb_column type=&#8221;4_4&#8243; _builder_version=&#8221;3.0.47&#8243; parallax=&#8221;off&#8221; parallax_method=&#8221;on&#8221;][et_pb_blurb title=&#8221;CARE SUNT REALIZ\u0102RILE NOASTRE? &#8221; _builder_version=&#8221;3.12&#8243;]Asocia\u0163ia Macedonenilor din Rom\u00e2nia &#8211; A.M.R., prin efortul membrilor s\u0103i, a reu\u015fit s\u0103-\u015fi concretizeze o parte din \u0163elurile sale:<\/p>\n<ul>\n<li>Infiin\u0163area a 29 de filiale in 11 jude\u0163e,<\/li>\n<li>Organizarea de cursuri de limb\u0103 macedonean\u0103,<\/li>\n<li>Editarea de publica\u0163ii de interes pentru membrii etniei,<\/li>\n<li>Editarea crea\u0163iilor literare ale autorilor de origine macedonean\u0103,<\/li>\n<li>Organizarea de expozi\u0163ii \u015fi manifest\u0103ri ale arti\u015ftilor apar\u0163in\u00e2nd etniei,<\/li>\n<li>Acordarea de premii \u015fi burse celor mai merituo\u015fi membri ai etniei,<\/li>\n<li>Organizarea de seminarii, mese rotunde \u015fi dezbateri pe teme de interes specifice,<\/li>\n<li>Organizarea de tabere \u015fi excursii pentru cei mai merituo\u015fi membri, \u00een special copii \u015fi tineri, \u00een Rom\u00e2nia \u015fi \u00een Macedonia,<\/li>\n<li>\u00cenfiin\u0163area unei trupe de teatru de copii,<\/li>\n<li>\u00cenfiin\u0163area mai multor ansambluri folclorice &#8211; ansamblul &#8222;Ilinden 2002&#8221;, ansamblul &#8222;Raze Macedonene&#8221;, ansamblul &#8222;Sonte&#8221;, ansamblul &#8222;Copiii Soarelui&#8221;<\/li>\n<li>S\u0103rb\u0103torirea principalelor evenimente laice \u015fi religioase din via\u0163a macedonenilor,<\/li>\n<li>Acordarea de ajutoare membrilor etniei aflati in nevoie,<\/li>\n<li>Dezvoltarea constin\u0163ei de etnic macedonean,<\/li>\n<li>P\u0103strarea \u015fi transmiterea genera\u0163iilor tinere a patrimoniului tradi\u0163ional macedonean.<\/li>\n<\/ul>\n<p>Mai sunt \u00eens\u0103 multe de facut \u015fi de construit pentru a putea vorbi cu adevarat de realizarea scopului propus &#8211; acela de a reprezenta public cu onoare, de a promova \u015fi de a ocroti interesele etniei macedonene din Rom\u00e2nia.<br \/>\n[\/et_pb_blurb][\/et_pb_column][\/et_pb_row][\/et_pb_section]<\/p>\n","protected":false},"excerpt":{"rendered":"<p>Despre noi MACEDONENII DIN ROM\u00c2NIA &#8211; Popula\u0163ie vorbitoare de limb\u0103 slav\u0103, de religie ortodox\u0103, venit\u0103 de pe teritoriul Macedoniei, pe teritoriul Rom\u00e2niei \u00een valuri succesive de migra\u0163ie, \u00eencep\u00e2nd cu secolul XI.INFORMA\u0162II GENERALE REFERITOARE LA ASOCIA\u0162IA MACEDONENILOR DIN ROM\u00c2NIA MACEDONEAN &#8211; 1. Popor din ramura slavilor de sud, care locuie\u015fte \u00een \u0163\u0103rile din Peninsula Balcanic\u0103 de [&hellip;]<\/p>\n","protected":false},"author":1,"featured_media":0,"parent":0,"menu_order":0,"comment_status":"closed","ping_status":"closed","template":"","meta":{"_et_pb_use_builder":"on","_et_pb_old_content":"","_et_gb_content_width":"","footnotes":""},"class_list":["post-21","page","type-page","status-publish","hentry"],"_links":{"self":[{"href":"https:\/\/asociatia-macedonenilor.ro\/index.php\/wp-json\/wp\/v2\/pages\/21","targetHints":{"allow":["GET"]}}],"collection":[{"href":"https:\/\/asociatia-macedonenilor.ro\/index.php\/wp-json\/wp\/v2\/pages"}],"about":[{"href":"https:\/\/asociatia-macedonenilor.ro\/index.php\/wp-json\/wp\/v2\/types\/page"}],"author":[{"embeddable":true,"href":"https:\/\/asociatia-macedonenilor.ro\/index.php\/wp-json\/wp\/v2\/users\/1"}],"replies":[{"embeddable":true,"href":"https:\/\/asociatia-macedonenilor.ro\/index.php\/wp-json\/wp\/v2\/comments?post=21"}],"version-history":[{"count":20,"href":"https:\/\/asociatia-macedonenilor.ro\/index.php\/wp-json\/wp\/v2\/pages\/21\/revisions"}],"predecessor-version":[{"id":1337,"href":"https:\/\/asociatia-macedonenilor.ro\/index.php\/wp-json\/wp\/v2\/pages\/21\/revisions\/1337"}],"wp:attachment":[{"href":"https:\/\/asociatia-macedonenilor.ro\/index.php\/wp-json\/wp\/v2\/media?parent=21"}],"curies":[{"name":"wp","href":"https:\/\/api.w.org\/{rel}","templated":true}]}}